{"id":220,"date":"2019-08-15T16:08:50","date_gmt":"2019-08-15T16:08:50","guid":{"rendered":"http:\/\/\/\/muench-4-club.de\/?page_id=12"},"modified":"2020-08-09T03:37:24","modified_gmt":"2020-08-09T03:37:24","slug":"the-club","status":"publish","type":"page","link":"https:\/\/muench-4-club.de\/?page_id=220","title":{"rendered":"Geschichten"},"content":{"rendered":"<div class=\"fusion-fullwidth fullwidth-box fusion-builder-row-1 hundred-percent-fullwidth non-hundred-percent-height-scrolling fusion-equal-height-columns\"  style='background-color: #101015;background-position: center center;background-repeat: no-repeat;padding-top:6%;padding-right:15%;padding-bottom:9%;padding-left:15%;'><div class=\"fusion-builder-row fusion-row \"><div  data-animationType=fadeInDown data-animationDuration=1.0 data-animationOffset=100% class=\"fusion-layout-column fusion_builder_column fusion_builder_column_1_1 fusion-builder-column-0 fusion-one-full fusion-column-first fusion-column-last fusion-column-no-min-height fusion-animated 1_1\"  style='margin-top:0px;margin-bottom:0px;'><div class=\"fusion-column-wrapper\" style=\"padding: 40px 15% 60px 15%;background-position:left top;background-repeat:no-repeat;-webkit-background-size:cover;-moz-background-size:cover;-o-background-size:cover;background-size:cover;\"   data-bg-url=\"\"><style type=\"text\/css\">@media only screen and (max-width:1024px) {.fusion-title.fusion-title-1{margin-top:0px!important;margin-bottom:0px!important;}}<\/style><div class=\"fusion-title title fusion-title-1 fusion-sep-none fusion-title-center fusion-title-text fusion-title-size-two\" style=\"font-size:20px;margin-top:0px;margin-bottom:1%;\"><h2 class=\"title-heading-center\" style=\"margin:0;font-size:1em;color:#46b1fd;\">\u00dcber Erfinder und Mitglieder<\/h2><\/div><style type=\"text\/css\"><\/style><div class=\"fusion-title title fusion-title-2 fusion-sep-none fusion-title-center fusion-title-text fusion-title-size-three\" style=\"font-size:55px;margin-top:0px;margin-bottom:20px;\"><h3 class=\"title-heading-center\" style=\"margin:0;font-size:1em;letter-spacing:0px;color:#ffffff;\">Die Geschichten<\/h3><\/div><div class=\"fusion-text\"><p style=\"text-align: center;\">Der Erfinder Friedel M\u00fcnch hat in seinem Leben zwei gro\u00dfartige Leistungen vollbracht: zum einen hat er ein begeisterndes Motorrad gebaut, welches in nahezu unendlichen Abstufungen bis heute verbessert, ver\u00e4ndert und verfeinert wird. Zum anderen ist es ihm zu verdanken, das sich eine gro\u00dfe Zahl von M\u00fcnch-Freunden kennengelernt haben und sich nach wie vor regelm\u00e4\u00dfig treffen. Ohne Friedel M\u00fcnchs Erfindung w\u00e4ren sie sich in ihrem Leben niemals begegnet.<\/p>\n<\/div><div class=\"fusion-clearfix\"><\/div><\/div><\/div><div  data-animationType=fadeInLeft data-animationDuration=0.5 data-animationOffset=100% class=\"fusion-layout-column fusion_builder_column fusion_builder_column_1_2 fusion-builder-column-1 fusion-one-half fusion-column-first fusion-animated 1_2\"  style='margin-top:0px;margin-bottom:0px;width:50%;width:calc(50% - ( ( 0px ) * 0.5 ) );margin-right: 0px;'><div class=\"fusion-column-wrapper\" style=\"padding: 65% 0px 5% 40px;background-image: url('https:\/\/muench-4-club.de\/wp-content\/uploads\/2020\/04\/Friedel-m\u00fcnch-Story-1-600x840-1.jpg');background-position:center center;background-repeat:no-repeat;-webkit-background-size:cover;-moz-background-size:cover;-o-background-size:cover;background-size:cover;\"   data-bg-url=\"https:\/\/muench-4-club.de\/wp-content\/uploads\/2020\/04\/Friedel-m\u00fcnch-Story-1-600x840-1.jpg\"><style type=\"text\/css\">@media only screen and (max-width:1024px) {.fusion-title.fusion-title-3{margin-top:0px!important;margin-bottom:0px!important;}}<\/style><div class=\"fusion-title title fusion-title-3 fusion-title-text fusion-title-size-four\" style=\"margin-top:0px;margin-bottom:0px;\"><h4 class=\"title-heading-left\" style=\"margin:0;\">Friedel M\u00fcnch<\/h4><div class=\"title-sep-container\"><div class=\"title-sep sep-single sep-solid\" style=\"border-color:#ffffff;\"><\/div><\/div><\/div><div class=\"fusion-clearfix\"><\/div><\/div><\/div><div  data-animationType=fadeInRight data-animationDuration=0.5 data-animationOffset=100% class=\"fusion-layout-column fusion_builder_column fusion_builder_column_1_2 fusion-builder-column-2 fusion-one-half fusion-column-last fusion-animated 1_2\"  style='margin-top:0px;margin-bottom:0px;width:50%;width:calc(50% - ( ( 0px ) * 0.5 ) );'><div class=\"fusion-column-wrapper\" style=\"background-color:#1c1c24;padding: 40px 50px 40px 50px;background-position:center center;background-repeat:no-repeat;-webkit-background-size:cover;-moz-background-size:cover;-o-background-size:cover;background-size:cover;\"   data-bg-url=\"\"><div class=\"fusion-column-content-centered\"><div class=\"fusion-column-content\"><style type=\"text\/css\">@media only screen and (max-width:1024px) {.fusion-title.fusion-title-4{margin-top:0px!important;margin-bottom:0px!important;}}<\/style><div class=\"fusion-title title fusion-title-4 fusion-sep-none fusion-title-text fusion-title-size-two\" style=\"font-size:20px;margin-top:0px;margin-bottom:0px;\"><h2 class=\"title-heading-left\" style=\"margin:0;font-size:1em;color:#46b1fd;\"><\/h2><\/div><style type=\"text\/css\">@media only screen and (max-width:1024px) {.fusion-title.fusion-title-5{margin-top:0px!important;margin-bottom:30px!important;}}<\/style><div class=\"fusion-title title fusion-title-5 fusion-sep-none fusion-title-text fusion-title-size-three\" style=\"font-size:40px;margin-top:0px;margin-bottom:30px;\"><h3 class=\"title-heading-left\" style=\"margin:0;font-size:1em;color:#ffffff;\">Der Erfinder<\/h3><\/div><div class=\"fusion-text\"><p>Friedel M\u00fcnch mit der M\u00fcnch Spezial. F\u00fcr diesen Horex S5 Motor entwickelte er in den 50er Jahren eigens einen Doppelnocken-Zylinderkopf. Die Begeisterung f\u00fcr die Technik steht ihm im Gesicht geschrieben und f\u00fchrte ihn Jahre sp\u00e4ter zu seinem eigenen Motorrad, f\u00fcr das er in der ganzen Welt ber\u00fchmt wurde. Die M\u00fcnch Mammut (Manfred M\u00fcnch, Juni 2020).<\/p>\n<p style=\"text-align: left;\">Friedel M\u00fcnch wurde am 6. Februar in Dorn-Assenheim geboren. 1966 baute er den ersten Prototyp seiner Erfindung: ein Motorrad um einen leistungsstarken Automotor herum. Daraus entstand sp\u00e4ter dann die ber\u00fchmte M\u00fcnch-4. Eigentlich war der NSU-Motor von seiner Grundkonzeption als Motorradmotor pr\u00e4destiniert: er besa\u00df Gebl\u00e4sek\u00fchlung, welche im Motorrad einfach durch die Fahrwindk\u00fchlung ersetzt wurde. Diese gab es quasi umsonst. Der weitere Antriebsstrang musste zu gro\u00dfen Teilen selbst konstruiert und gebaut werden. Damit begann die grandiose Geschichte eines einmaligen und bis heute faszinierenden Motorrads. Friedel M\u00fcnch starb am 27. April 2014 in Altenstadt und wurde in Glauberg beerdigt.<\/p>\n<\/div><div class=\"fusion-sep-clear\"><\/div><div class=\"fusion-separator fusion-full-width-sep sep-none\" style=\"margin-left: auto;margin-right: auto;margin-top:30px;\"><\/div><div class=\"fusion-button-wrapper fusion-alignleft\"><style type=\"text\/css\">.fusion-button.button-1 .fusion-button-text, .fusion-button.button-1 i {color:#ffffff;}.fusion-button.button-1 .fusion-button-icon-divider{border-color:#ffffff;}.fusion-button.button-1:hover .fusion-button-text, .fusion-button.button-1:hover i,.fusion-button.button-1:focus .fusion-button-text, .fusion-button.button-1:focus i,.fusion-button.button-1:active .fusion-button-text, .fusion-button.button-1:active{color:#ffffff;}.fusion-button.button-1:hover .fusion-button-icon-divider, .fusion-button.button-1:hover .fusion-button-icon-divider, .fusion-button.button-1:active .fusion-button-icon-divider{border-color:#ffffff;}.fusion-button.button-1:hover, .fusion-button.button-1:focus, .fusion-button.button-1:active{border-color:#105378;}.fusion-button.button-1 {border-color:#105378;border-radius:4px;}.fusion-button.button-1{background: #46b1fd;}.fusion-button.button-1:hover,.button-1:focus,.fusion-button.button-1:active{background: #2c92da;}<\/style><a class=\"fusion-button button-flat fusion-button-default-size button-custom button-1 fusion-button-default-span fusion-button-default-type\" target=\"_blank\" rel=\"noopener noreferrer\" href=\" https:\/\/muench-4-club.de\/?page_id=466 \"><span class=\"fusion-button-text\">Mehr erfahren<\/span><\/a><\/div><\/div><\/div><div class=\"fusion-clearfix\"><\/div><\/div><\/div><div  data-animationType=fadeInLeft data-animationDuration=0.5 data-animationOffset=100% class=\"fusion-layout-column fusion_builder_column fusion_builder_column_1_2 fusion-builder-column-3 fusion-one-half fusion-column-first fusion-animated 1_2\"  style='margin-top:0px;margin-bottom:0px;width:50%;width:calc(50% - ( ( 0px ) * 0.5 ) );margin-right: 0px;'><div class=\"fusion-column-wrapper\" style=\"background-color:#1c1c24;padding: 40px 50px 40px 50px;background-position:center center;background-repeat:no-repeat;-webkit-background-size:cover;-moz-background-size:cover;-o-background-size:cover;background-size:cover;\"   data-bg-url=\"\"><div class=\"fusion-column-content-centered\"><div class=\"fusion-column-content\"><style type=\"text\/css\">@media only screen and (max-width:1024px) {.fusion-title.fusion-title-6{margin-top:0px!important;margin-bottom:0px!important;}}<\/style><div class=\"fusion-title title fusion-title-6 fusion-sep-none fusion-title-text fusion-title-size-two\" style=\"font-size:20px;margin-top:0px;margin-bottom:0px;\"><h2 class=\"title-heading-left\" style=\"margin:0;font-size:1em;color:#f5bb26;\"><\/h2><\/div><style type=\"text\/css\">@media only screen and (max-width:1024px) {.fusion-title.fusion-title-7{margin-top:0px!important;margin-bottom:30px!important;}}<\/style><div class=\"fusion-title title fusion-title-7 fusion-sep-none fusion-title-text fusion-title-size-three\" style=\"font-size:40px;margin-top:0px;margin-bottom:30px;\"><h3 class=\"title-heading-left\" style=\"margin:0;font-size:1em;color:#ffffff;\">Geschichten der Mitglieder<\/h3><\/div><div class=\"fusion-text\"><p style=\"text-align: left;\">Hier findet ihr die Geschichten von Mitgliedern des M\u00fcnch-4-Clubs e.V.: wie sie zu ihrer M\u00fcnch gekommen sind, welche Erlebnisse sie mit ihr hatten, was sie mit anderen M\u00fcnch-Freunden unternommen haben und vieles mehr. Wer selbst eine Geschichte beisteuern m\u00f6chte, kann sich gerne an den <a href=\"mailto:praesident@muench-4-club.de\">1. Vorsitzenden<\/a> oder <a href=\"mailto:info@muench-4-club.de\">info@muench-4-club.de <\/a> wenden.<\/p>\n<\/div><div class=\"fusion-sep-clear\"><\/div><div class=\"fusion-separator fusion-full-width-sep sep-none\" style=\"margin-left: auto;margin-right: auto;margin-top:30px;\"><\/div><div class=\"fusion-button-wrapper fusion-alignleft\"><style type=\"text\/css\">.fusion-button.button-2 .fusion-button-text, .fusion-button.button-2 i {color:#ffffff;}.fusion-button.button-2 .fusion-button-icon-divider{border-color:#ffffff;}.fusion-button.button-2:hover .fusion-button-text, .fusion-button.button-2:hover i,.fusion-button.button-2:focus .fusion-button-text, .fusion-button.button-2:focus i,.fusion-button.button-2:active .fusion-button-text, .fusion-button.button-2:active{color:#ffffff;}.fusion-button.button-2:hover .fusion-button-icon-divider, .fusion-button.button-2:hover .fusion-button-icon-divider, .fusion-button.button-2:active .fusion-button-icon-divider{border-color:#ffffff;}.fusion-button.button-2:hover, .fusion-button.button-2:focus, .fusion-button.button-2:active{border-color:#105378;}.fusion-button.button-2 {border-color:#105378;border-radius:4px;}.fusion-button.button-2{background: #46b1fd;}.fusion-button.button-2:hover,.button-2:focus,.fusion-button.button-2:active{background: #2c92da;}<\/style><a class=\"fusion-button button-flat fusion-button-default-size button-custom button-2 fusion-button-default-span fusion-button-default-type\" target=\"_blank\" rel=\"noopener noreferrer\" href=\"https:\/\/muench-4-club.de\/?page_id=2074\"><span class=\"fusion-button-text\">Mehr erfahren<\/span><\/a><\/div><\/div><\/div><div class=\"fusion-clearfix\"><\/div><\/div><\/div><div  data-animationType=fadeInRight data-animationDuration=0.5 data-animationOffset=100% class=\"fusion-layout-column fusion_builder_column fusion_builder_column_1_2 fusion-builder-column-4 fusion-one-half fusion-column-last fusion-animated 1_2\"  style='margin-top:0px;margin-bottom:0px;width:50%;width:calc(50% - ( ( 0px ) * 0.5 ) );'><div class=\"fusion-column-wrapper\" style=\"padding: 65% 0px 5% 40px;background-image: url('https:\/\/muench-4-club.de\/wp-content\/uploads\/2020\/06\/Geschichte-wei\u00dfe-M\u00fcnch.jpg');background-position:center center;background-repeat:no-repeat;-webkit-background-size:cover;-moz-background-size:cover;-o-background-size:cover;background-size:cover;\"   data-bg-url=\"https:\/\/muench-4-club.de\/wp-content\/uploads\/2020\/06\/Geschichte-wei\u00dfe-M\u00fcnch.jpg\"><style type=\"text\/css\">@media only screen and (max-width:1024px) {.fusion-title.fusion-title-8{margin-top:0px!important;margin-bottom:0px!important;}}<\/style><div class=\"fusion-title title fusion-title-8 fusion-title-text fusion-title-size-four\" style=\"margin-top:0px;margin-bottom:0px;\"><h4 class=\"title-heading-left\" style=\"margin:0;\">100 Mitglieder<\/h4><div class=\"title-sep-container\"><div class=\"title-sep sep-single sep-solid\" style=\"border-color:#f2f2f2;\"><\/div><\/div><\/div><div class=\"fusion-clearfix\"><\/div><\/div><\/div><\/div><\/div><style type=\"text\/css\">.fusion-fullwidth.fusion-builder-row-1 a:not(.fusion-button):not(.fusion-builder-module-control):not(.fusion-social-network-icon):not(.fb-icon-element):not(.fusion-countdown-link):not(.fusion-rollover-link):not(.fusion-rollover-gallery):not(.fusion-button-bar):not(.add_to_cart_button):not(.show_details_button):not(.product_type_external):not(.fusion-quick-view):not(.fusion-rollover-title-link):not(.fusion-breadcrumb-link) , .fusion-fullwidth.fusion-builder-row-1 a:not(.fusion-button):not(.fusion-builder-module-control):not(.fusion-social-network-icon):not(.fb-icon-element):not(.fusion-countdown-link):not(.fusion-rollover-link):not(.fusion-rollover-gallery):not(.fusion-button-bar):not(.add_to_cart_button):not(.show_details_button):not(.product_type_external):not(.fusion-quick-view):not(.fusion-rollover-title-link):not(.fusion-breadcrumb-link):before, .fusion-fullwidth.fusion-builder-row-1 a:not(.fusion-button):not(.fusion-builder-module-control):not(.fusion-social-network-icon):not(.fb-icon-element):not(.fusion-countdown-link):not(.fusion-rollover-link):not(.fusion-rollover-gallery):not(.fusion-button-bar):not(.add_to_cart_button):not(.show_details_button):not(.product_type_external):not(.fusion-quick-view):not(.fusion-rollover-title-link):not(.fusion-breadcrumb-link):after {color: #03a9f4;}.fusion-fullwidth.fusion-builder-row-1 a:not(.fusion-button):not(.fusion-builder-module-control):not(.fusion-social-network-icon):not(.fb-icon-element):not(.fusion-countdown-link):not(.fusion-rollover-link):not(.fusion-rollover-gallery):not(.fusion-button-bar):not(.add_to_cart_button):not(.show_details_button):not(.product_type_external):not(.fusion-quick-view):not(.fusion-rollover-title-link):not(.fusion-breadcrumb-link):hover, .fusion-fullwidth.fusion-builder-row-1 a:not(.fusion-button):not(.fusion-builder-module-control):not(.fusion-social-network-icon):not(.fb-icon-element):not(.fusion-countdown-link):not(.fusion-rollover-link):not(.fusion-rollover-gallery):not(.fusion-button-bar):not(.add_to_cart_button):not(.show_details_button):not(.product_type_external):not(.fusion-quick-view):not(.fusion-rollover-title-link):not(.fusion-breadcrumb-link):hover:before, .fusion-fullwidth.fusion-builder-row-1 a:not(.fusion-button):not(.fusion-builder-module-control):not(.fusion-social-network-icon):not(.fb-icon-element):not(.fusion-countdown-link):not(.fusion-rollover-link):not(.fusion-rollover-gallery):not(.fusion-button-bar):not(.add_to_cart_button):not(.show_details_button):not(.product_type_external):not(.fusion-quick-view):not(.fusion-rollover-title-link):not(.fusion-breadcrumb-link):hover:after {color: #1a80b6;}.fusion-fullwidth.fusion-builder-row-1 .pagination a.inactive:hover, .fusion-fullwidth.fusion-builder-row-1 .fusion-filters .fusion-filter.fusion-active a {border-color: #1a80b6;}.fusion-fullwidth.fusion-builder-row-1 .pagination .current {border-color: #1a80b6; background-color: #1a80b6;}.fusion-fullwidth.fusion-builder-row-1 .fusion-filters .fusion-filter.fusion-active a, .fusion-fullwidth.fusion-builder-row-1 .fusion-date-and-formats .fusion-format-box, .fusion-fullwidth.fusion-builder-row-1 .fusion-popover, .fusion-fullwidth.fusion-builder-row-1 .tooltip-shortcode {color: #1a80b6;}#main .fusion-fullwidth.fusion-builder-row-1 .post .blog-shortcode-post-title a:hover {color: #1a80b6;}<\/style>\n","protected":false},"excerpt":{"rendered":"","protected":false},"author":1,"featured_media":0,"parent":0,"menu_order":0,"comment_status":"closed","ping_status":"closed","template":"100-width.php","meta":[],"_links":{"self":[{"href":"https:\/\/muench-4-club.de\/index.php?rest_route=\/wp\/v2\/pages\/220"}],"collection":[{"href":"https:\/\/muench-4-club.de\/index.php?rest_route=\/wp\/v2\/pages"}],"about":[{"href":"https:\/\/muench-4-club.de\/index.php?rest_route=\/wp\/v2\/types\/page"}],"author":[{"embeddable":true,"href":"https:\/\/muench-4-club.de\/index.php?rest_route=\/wp\/v2\/users\/1"}],"replies":[{"embeddable":true,"href":"https:\/\/muench-4-club.de\/index.php?rest_route=%2Fwp%2Fv2%2Fcomments&post=220"}],"version-history":[{"count":61,"href":"https:\/\/muench-4-club.de\/index.php?rest_route=\/wp\/v2\/pages\/220\/revisions"}],"predecessor-version":[{"id":2506,"href":"https:\/\/muench-4-club.de\/index.php?rest_route=\/wp\/v2\/pages\/220\/revisions\/2506"}],"wp:attachment":[{"href":"https:\/\/muench-4-club.de\/index.php?rest_route=%2Fwp%2Fv2%2Fmedia&parent=220"}],"curies":[{"name":"wp","href":"https:\/\/api.w.org\/{rel}","templated":true}]}}