{"id":2074,"date":"2020-06-10T21:41:40","date_gmt":"2020-06-10T21:41:40","guid":{"rendered":"https:\/\/muench-4-club.de\/?page_id=2074"},"modified":"2026-02-23T18:04:01","modified_gmt":"2026-02-23T18:04:01","slug":"geschichten-der-mitglieder","status":"publish","type":"page","link":"https:\/\/muench-4-club.de\/?page_id=2074","title":{"rendered":"Geschichten der Mitglieder"},"content":{"rendered":"<div class=\"fusion-fullwidth fullwidth-box fusion-builder-row-1 nonhundred-percent-fullwidth non-hundred-percent-height-scrolling\"  style='background-color: rgba(255,255,255,0);background-position: center center;background-repeat: no-repeat;padding-top:0px;padding-right:0px;padding-bottom:0px;padding-left:0px;'><div class=\"fusion-builder-row fusion-row \"><div  class=\"fusion-layout-column fusion_builder_column fusion_builder_column_1_2 fusion-builder-column-0 fusion-one-half fusion-column-first 1_2\"  style='margin-top:0px;margin-bottom:20px;width:50%;width:calc(50% - ( ( 4% ) * 0.5 ) );margin-right: 4%;'><div class=\"fusion-column-wrapper\" style=\"padding: 0px 0px 0px 0px;background-position:left top;background-repeat:no-repeat;-webkit-background-size:cover;-moz-background-size:cover;-o-background-size:cover;background-size:cover;\"   data-bg-url=\"\"><span class=\"fusion-imageframe imageframe-none imageframe-1 hover-type-none\"><a class=\"fusion-no-lightbox\" href=\"https:\/\/muench-4-club.de\/?page_id=1283 \" target=\"_blank\" aria-label=\"CBX 004\" rel=\"noopener noreferrer\"><img decoding=\"async\" loading=\"lazy\" src=\"https:\/\/muench-4-club.de\/wp-content\/uploads\/2020\/06\/CBX-004.jpg\" width=\"2949\" height=\"1509\" alt=\"\" class=\"img-responsive wp-image-2184\" srcset=\"https:\/\/muench-4-club.de\/wp-content\/uploads\/2020\/06\/CBX-004-200x102.jpg 200w, https:\/\/muench-4-club.de\/wp-content\/uploads\/2020\/06\/CBX-004-400x205.jpg 400w, https:\/\/muench-4-club.de\/wp-content\/uploads\/2020\/06\/CBX-004-600x307.jpg 600w, https:\/\/muench-4-club.de\/wp-content\/uploads\/2020\/06\/CBX-004-800x409.jpg 800w, https:\/\/muench-4-club.de\/wp-content\/uploads\/2020\/06\/CBX-004-1200x614.jpg 1200w, https:\/\/muench-4-club.de\/wp-content\/uploads\/2020\/06\/CBX-004.jpg 2949w\" sizes=\"(max-width: 1024px) 100vw, 600px\" \/><\/a><\/span><style type=\"text\/css\">@media only screen and (max-width:1024px) {.fusion-title.fusion-title-1{margin-top:0px!important;margin-bottom:30px!important;}}<\/style><div class=\"fusion-title title fusion-title-1 fusion-sep-none fusion-title-text fusion-title-size-two\" style=\"margin-top:20px;margin-bottom:30px;\"><h2 class=\"title-heading-left\" style=\"margin:0;\">Die M\u00fcnch 212<\/h2><\/div><div class=\"fusion-text\"><p>Mit 16 Jahren kaufte ich mir mein erstes motorisiertes Zweirad. Es war eine Herkules MK2. F\u00fcr ein echtes Kleinkraftrad reichten die finanziellen M\u00f6glichkeiten leider nicht, aber das Interesse an Motorr\u00e4dern war geweckt. Ein Schulkamerad hatte damals in seinem Zimmer ein Poster der M\u00fcnch TTS-E h\u00e4ngen.<\/p>\n<\/div><div class=\"fusion-clearfix\"><\/div><\/div><\/div><div  class=\"fusion-layout-column fusion_builder_column fusion_builder_column_1_2 fusion-builder-column-1 fusion-one-half fusion-column-last 1_2\"  style='margin-top:0px;margin-bottom:20px;width:50%;width:calc(50% - ( ( 4% ) * 0.5 ) );'><div class=\"fusion-column-wrapper\" style=\"padding: 0px 0px 0px 0px;background-position:left top;background-repeat:no-repeat;-webkit-background-size:cover;-moz-background-size:cover;-o-background-size:cover;background-size:cover;\"   data-bg-url=\"\"><span class=\"fusion-imageframe imageframe-none imageframe-2 hover-type-none\"><a class=\"fusion-no-lightbox\" href=\"https:\/\/muench-4-club.de\/?page_id=2513\" target=\"_blank\" aria-label=\"DIGITAL CAMERA\" rel=\"noopener noreferrer\"><img decoding=\"async\" loading=\"lazy\" src=\"https:\/\/muench-4-club.de\/wp-content\/uploads\/2020\/10\/PitIsleofMan2017-24211.jpg\" width=\"3050\" height=\"1577\" alt=\"\" class=\"img-responsive wp-image-2606\" srcset=\"https:\/\/muench-4-club.de\/wp-content\/uploads\/2020\/10\/PitIsleofMan2017-24211-200x103.jpg 200w, https:\/\/muench-4-club.de\/wp-content\/uploads\/2020\/10\/PitIsleofMan2017-24211-400x207.jpg 400w, https:\/\/muench-4-club.de\/wp-content\/uploads\/2020\/10\/PitIsleofMan2017-24211-600x310.jpg 600w, https:\/\/muench-4-club.de\/wp-content\/uploads\/2020\/10\/PitIsleofMan2017-24211-800x414.jpg 800w, https:\/\/muench-4-club.de\/wp-content\/uploads\/2020\/10\/PitIsleofMan2017-24211-1200x620.jpg 1200w, https:\/\/muench-4-club.de\/wp-content\/uploads\/2020\/10\/PitIsleofMan2017-24211.jpg 3050w\" sizes=\"(max-width: 1024px) 100vw, 600px\" \/><\/a><\/span><style type=\"text\/css\">@media only screen and (max-width:1024px) {.fusion-title.fusion-title-2{margin-top:0px!important;margin-bottom:30px!important;}}<\/style><div class=\"fusion-title title fusion-title-2 fusion-sep-none fusion-title-text fusion-title-size-two\" style=\"margin-top:16px;margin-bottom:30px;\"><h2 class=\"title-heading-left\" style=\"margin:0;\">Festival of Jurby<\/h2><\/div><div class=\"fusion-text\"><p>Schon seit zwei Jahren besch\u00e4ftigte ich mich mit der Idee, Ende August mit der M\u00fcnch zum \u201eManx Grand Prix\u201c auf der Isle of Man zu fahren. So buchte ich Anfang 2017 F\u00e4hren und Unterbringung. Mitte August war es vorbei mit der Tr\u00e4umerei und dem Pl\u00e4ne schmieden. Das Motorrad wurde von mir ordentlich gewartet und vorbereitet.<\/p>\n<\/div><div class=\"fusion-clearfix\"><\/div><\/div><\/div><div  class=\"fusion-layout-column fusion_builder_column fusion_builder_column_1_2 fusion-builder-column-2 fusion-one-half fusion-column-first fusion-column-inner-bg-wrapper 1_2\"  style='margin-top:0px;margin-bottom:20px;width:50%;width:calc(50% - ( ( 4% ) * 0.5 ) );margin-right: 4%;'><div class=\"fusion-column-wrapper\" style=\"padding: 0px 0px 0px 0px;\"  data-bg-url=\"\"><span class=\"fusion-imageframe imageframe-none imageframe-3 hover-type-none\"><a class=\"fusion-no-lightbox\" href=\"https:\/\/muench-4-club.de\/?page_id=2513\" target=\"_blank\" aria-label=\"bild 282189129\" rel=\"noopener noreferrer\"><img decoding=\"async\" loading=\"lazy\" src=\"https:\/\/muench-4-club.de\/wp-content\/uploads\/2026\/01\/bild-282189129.jpg\" width=\"1200\" height=\"705\" alt=\"\" class=\"img-responsive wp-image-4218\" srcset=\"https:\/\/muench-4-club.de\/wp-content\/uploads\/2026\/01\/bild-282189129-200x118.jpg 200w, https:\/\/muench-4-club.de\/wp-content\/uploads\/2026\/01\/bild-282189129-400x235.jpg 400w, https:\/\/muench-4-club.de\/wp-content\/uploads\/2026\/01\/bild-282189129-600x353.jpg 600w, https:\/\/muench-4-club.de\/wp-content\/uploads\/2026\/01\/bild-282189129-800x470.jpg 800w, https:\/\/muench-4-club.de\/wp-content\/uploads\/2026\/01\/bild-282189129.jpg 1200w\" sizes=\"(max-width: 1024px) 100vw, 600px\" \/><\/a><\/span><style type=\"text\/css\">@media only screen and (max-width:1024px) {.fusion-title.fusion-title-3{margin-top:0px!important;margin-bottom:30px!important;}}<\/style><div class=\"fusion-title title fusion-title-3 fusion-sep-none fusion-title-text fusion-title-size-two\" style=\"margin-top:16px;margin-bottom:30px;\"><h2 class=\"title-heading-left\" style=\"margin:0;\">Martin Tobian &#8211; Vom wilden Fahrer zum Freund von Friedel M\u00fcnch<\/h2><\/div><div class=\"fusion-text\"><p><span style=\"font-weight: 400;\">In der Geschichte der deutschen Motorradindustrie gibt es Namen, die Kennern sofort etwas sagen \u2013 Friedel M\u00fcnch, der geniale Konstrukteur hinter der legend\u00e4ren M\u00fcnch-Mammut. Doch es gibt auch jene Pers\u00f6nlichkeiten, die abseits des Rampenlichts entscheidende Rollen spielten, mit Leidenschaft, K\u00f6nnen und Herz.<\/span><\/p>\n<\/div><div class=\"fusion-clearfix\"><\/div><\/div><span class=\"fusion-column-inner-bg hover-type-none\" ><a href=\"https:\/\/muench-4-club.de\/?page_id=4214\" aria-label=\"\"><span class=\"fusion-column-inner-bg-image\"  style=\"background-position:left top;background-repeat:no-repeat;-webkit-background-size:cover;-moz-background-size:cover;-o-background-size:cover;background-size:cover;\"><\/span><\/a><\/span><\/div><div  class=\"fusion-layout-column fusion_builder_column fusion_builder_column_1_2 fusion-builder-column-3 fusion-one-half fusion-column-last fusion-column-inner-bg-wrapper 1_2\"  style='margin-top:0px;margin-bottom:20px;width:50%;width:calc(50% - ( ( 4% ) * 0.5 ) );'><div class=\"fusion-column-wrapper\" style=\"padding: 0px 0px 0px 0px;\"  data-bg-url=\"\"><span class=\"fusion-imageframe imageframe-none imageframe-4 hover-type-none\"><img decoding=\"async\" loading=\"lazy\" src=\"https:\/\/muench-4-club.de\/wp-content\/uploads\/2026\/02\/8-gemeinsame-Ausfahrt.jpg\" width=\"1102\" height=\"816\" alt=\"\" title=\"8-gemeinsame Ausfahrt\" class=\"img-responsive wp-image-4283\" srcset=\"https:\/\/muench-4-club.de\/wp-content\/uploads\/2026\/02\/8-gemeinsame-Ausfahrt-200x148.jpg 200w, https:\/\/muench-4-club.de\/wp-content\/uploads\/2026\/02\/8-gemeinsame-Ausfahrt-400x296.jpg 400w, https:\/\/muench-4-club.de\/wp-content\/uploads\/2026\/02\/8-gemeinsame-Ausfahrt-600x444.jpg 600w, https:\/\/muench-4-club.de\/wp-content\/uploads\/2026\/02\/8-gemeinsame-Ausfahrt-800x592.jpg 800w, https:\/\/muench-4-club.de\/wp-content\/uploads\/2026\/02\/8-gemeinsame-Ausfahrt.jpg 1102w\" sizes=\"(max-width: 1024px) 100vw, 600px\" \/><\/span><style type=\"text\/css\">@media only screen and (max-width:1024px) {.fusion-title.fusion-title-4{margin-top:0px!important;margin-bottom:30px!important;}}<\/style><div class=\"fusion-title title fusion-title-4 fusion-sep-none fusion-title-text fusion-title-size-two\" style=\"margin-top:16px;margin-bottom:30px;\"><h2 class=\"title-heading-left\" style=\"margin:0;\">Unser beider M\u00fcnch 4 TTS<\/h2><\/div><div class=\"fusion-text\"><p><span style=\"font-weight: 400;\">Zu meiner Studienzeit in Braunschweig in den 70er Jahren hatte ich meinen bald sehr guten Freund Rainer kennen gelernt, allgemein genannt \u201eSandy\u201c, der leider viel zu fr\u00fch verstorben ist. Wir fuhren damals auch schon \u00e4ltere Motorr\u00e4der, ich eine Falcone, er eine R26.<\/span><\/p>\n<\/div><div class=\"fusion-clearfix\"><\/div><\/div><span class=\"fusion-column-inner-bg hover-type-none\" ><a href=\"https:\/\/muench-4-club.de\/?page_id=4248\" rel=\"noopener noreferrer\" target=\"_blank\" aria-label=\"\"><span class=\"fusion-column-inner-bg-image\"  style=\"background-position:left top;background-repeat:no-repeat;-webkit-background-size:cover;-moz-background-size:cover;-o-background-size:cover;background-size:cover;\"><\/span><\/a><\/span><\/div><\/div><\/div><style type=\"text\/css\">.fusion-fullwidth.fusion-builder-row-1 a:not(.fusion-button):not(.fusion-builder-module-control):not(.fusion-social-network-icon):not(.fb-icon-element):not(.fusion-countdown-link):not(.fusion-rollover-link):not(.fusion-rollover-gallery):not(.fusion-button-bar):not(.add_to_cart_button):not(.show_details_button):not(.product_type_external):not(.fusion-quick-view):not(.fusion-rollover-title-link):not(.fusion-breadcrumb-link) , .fusion-fullwidth.fusion-builder-row-1 a:not(.fusion-button):not(.fusion-builder-module-control):not(.fusion-social-network-icon):not(.fb-icon-element):not(.fusion-countdown-link):not(.fusion-rollover-link):not(.fusion-rollover-gallery):not(.fusion-button-bar):not(.add_to_cart_button):not(.show_details_button):not(.product_type_external):not(.fusion-quick-view):not(.fusion-rollover-title-link):not(.fusion-breadcrumb-link):before, .fusion-fullwidth.fusion-builder-row-1 a:not(.fusion-button):not(.fusion-builder-module-control):not(.fusion-social-network-icon):not(.fb-icon-element):not(.fusion-countdown-link):not(.fusion-rollover-link):not(.fusion-rollover-gallery):not(.fusion-button-bar):not(.add_to_cart_button):not(.show_details_button):not(.product_type_external):not(.fusion-quick-view):not(.fusion-rollover-title-link):not(.fusion-breadcrumb-link):after {color: #03a9f4;}.fusion-fullwidth.fusion-builder-row-1 a:not(.fusion-button):not(.fusion-builder-module-control):not(.fusion-social-network-icon):not(.fb-icon-element):not(.fusion-countdown-link):not(.fusion-rollover-link):not(.fusion-rollover-gallery):not(.fusion-button-bar):not(.add_to_cart_button):not(.show_details_button):not(.product_type_external):not(.fusion-quick-view):not(.fusion-rollover-title-link):not(.fusion-breadcrumb-link):hover, .fusion-fullwidth.fusion-builder-row-1 a:not(.fusion-button):not(.fusion-builder-module-control):not(.fusion-social-network-icon):not(.fb-icon-element):not(.fusion-countdown-link):not(.fusion-rollover-link):not(.fusion-rollover-gallery):not(.fusion-button-bar):not(.add_to_cart_button):not(.show_details_button):not(.product_type_external):not(.fusion-quick-view):not(.fusion-rollover-title-link):not(.fusion-breadcrumb-link):hover:before, .fusion-fullwidth.fusion-builder-row-1 a:not(.fusion-button):not(.fusion-builder-module-control):not(.fusion-social-network-icon):not(.fb-icon-element):not(.fusion-countdown-link):not(.fusion-rollover-link):not(.fusion-rollover-gallery):not(.fusion-button-bar):not(.add_to_cart_button):not(.show_details_button):not(.product_type_external):not(.fusion-quick-view):not(.fusion-rollover-title-link):not(.fusion-breadcrumb-link):hover:after {color: #1a80b6;}.fusion-fullwidth.fusion-builder-row-1 .pagination a.inactive:hover, .fusion-fullwidth.fusion-builder-row-1 .fusion-filters .fusion-filter.fusion-active a {border-color: #1a80b6;}.fusion-fullwidth.fusion-builder-row-1 .pagination .current {border-color: #1a80b6; background-color: #1a80b6;}.fusion-fullwidth.fusion-builder-row-1 .fusion-filters .fusion-filter.fusion-active a, .fusion-fullwidth.fusion-builder-row-1 .fusion-date-and-formats .fusion-format-box, .fusion-fullwidth.fusion-builder-row-1 .fusion-popover, .fusion-fullwidth.fusion-builder-row-1 .tooltip-shortcode {color: #1a80b6;}#main .fusion-fullwidth.fusion-builder-row-1 .post .blog-shortcode-post-title a:hover {color: #1a80b6;}<\/style>\n","protected":false},"excerpt":{"rendered":"","protected":false},"author":1,"featured_media":0,"parent":220,"menu_order":0,"comment_status":"closed","ping_status":"closed","template":"","meta":[],"_links":{"self":[{"href":"https:\/\/muench-4-club.de\/index.php?rest_route=\/wp\/v2\/pages\/2074"}],"collection":[{"href":"https:\/\/muench-4-club.de\/index.php?rest_route=\/wp\/v2\/pages"}],"about":[{"href":"https:\/\/muench-4-club.de\/index.php?rest_route=\/wp\/v2\/types\/page"}],"author":[{"embeddable":true,"href":"https:\/\/muench-4-club.de\/index.php?rest_route=\/wp\/v2\/users\/1"}],"replies":[{"embeddable":true,"href":"https:\/\/muench-4-club.de\/index.php?rest_route=%2Fwp%2Fv2%2Fcomments&post=2074"}],"version-history":[{"count":28,"href":"https:\/\/muench-4-club.de\/index.php?rest_route=\/wp\/v2\/pages\/2074\/revisions"}],"predecessor-version":[{"id":4294,"href":"https:\/\/muench-4-club.de\/index.php?rest_route=\/wp\/v2\/pages\/2074\/revisions\/4294"}],"up":[{"embeddable":true,"href":"https:\/\/muench-4-club.de\/index.php?rest_route=\/wp\/v2\/pages\/220"}],"wp:attachment":[{"href":"https:\/\/muench-4-club.de\/index.php?rest_route=%2Fwp%2Fv2%2Fmedia&parent=2074"}],"curies":[{"name":"wp","href":"https:\/\/api.w.org\/{rel}","templated":true}]}}